{"id":51609,"date":"2025-09-29T15:19:21","date_gmt":"2025-09-29T18:19:21","guid":{"rendered":"https:\/\/shadhar.cl\/?post_type=product&#038;p=51609"},"modified":"2025-09-30T17:06:15","modified_gmt":"2025-09-30T20:06:15","slug":"masaje-4-manos","status":"publish","type":"product","link":"https:\/\/shadhar.cl\/en\/producto\/masaje-4-manos\/","title":{"rendered":"Masaje 4 Manos"},"content":{"rendered":"<p>Masaje Cuerpo Completo, que consiste\u00a0en dos terapeutas que de forma simult\u00e1nea, realizan maniobras antiestr\u00e9s de relajaci\u00f3n y descontracturante, en distintas zonas como espalda, hombros, piernas,\u00a0 brazos y craneal, para alcanzar un momento de relajaci\u00f3n total.<\/p>\n","protected":false},"excerpt":{"rendered":"<p>Masaje Cuerpo Completo, que consiste\u00a0en dos terapeutas que de forma simult\u00e1nea, realizan maniobras antiestr\u00e9s de relajaci\u00f3n y descontracturante, en distintas zonas como espalda, hombros, piernas,\u00a0 brazos y craneal, para alcanzar un momento de relajaci\u00f3n total.<\/p>\n","protected":false},"featured_media":51610,"template":"","meta":[],"product_brand":[],"product_cat":[26],"product_tag":[],"giftcard-category":[],"class_list":{"0":"post-51609","1":"product","2":"type-product","3":"status-publish","4":"has-post-thumbnail","6":"product_cat-mix-masajes","8":"first","9":"instock","10":"shipping-taxable","11":"purchasable","12":"product-type-simple"},"yoast_head":"<!-- This site is optimized with the Yoast SEO plugin v27.3 - https:\/\/yoast.com\/product\/yoast-seo-wordpress\/ -->\n<title>Masaje 4 Manos - Shadhar Spa Masajes y Giftcards<\/title>\n<meta name=\"robots\" content=\"index, follow, max-snippet:-1, max-image-preview:large, max-video-preview:-1\" \/>\n<link rel=\"canonical\" href=\"https:\/\/shadhar.cl\/en\/producto\/masaje-4-manos\/\" \/>\n<meta property=\"og:locale\" content=\"en_US\" \/>\n<meta property=\"og:type\" content=\"article\" \/>\n<meta property=\"og:title\" content=\"Masaje 4 Manos - Shadhar Spa Masajes y Giftcards\" \/>\n<meta property=\"og:description\" content=\"Masaje Cuerpo Completo, que consiste\u00a0en dos terapeutas que de forma simult\u00e1nea, realizan maniobras antiestr\u00e9s de relajaci\u00f3n y descontracturante, en distintas zonas como espalda, hombros, piernas,\u00a0 brazos y craneal, para alcanzar un momento de relajaci\u00f3n total.\" \/>\n<meta property=\"og:url\" content=\"https:\/\/shadhar.cl\/en\/producto\/masaje-4-manos\/\" \/>\n<meta property=\"og:site_name\" content=\"Shadhar Spa Masajes y Giftcards\" \/>\n<meta property=\"article:modified_time\" content=\"2025-09-30T20:06:15+00:00\" \/>\n<meta property=\"og:image\" content=\"https:\/\/shadhar.cl\/wp-content\/uploads\/2025\/09\/masaje-4-manos.jpg\" \/>\n\t<meta property=\"og:image:width\" content=\"518\" \/>\n\t<meta property=\"og:image:height\" content=\"388\" \/>\n\t<meta property=\"og:image:type\" content=\"image\/jpeg\" \/>\n<meta name=\"twitter:card\" content=\"summary_large_image\" \/>\n<meta name=\"twitter:label1\" content=\"Est. reading time\" \/>\n\t<meta name=\"twitter:data1\" content=\"1 minute\" \/>\n<script type=\"application\/ld+json\" class=\"yoast-schema-graph\">{\"@context\":\"https:\\\/\\\/schema.org\",\"@graph\":[{\"@type\":\"WebPage\",\"@id\":\"https:\\\/\\\/shadhar.cl\\\/en\\\/producto\\\/masaje-4-manos\\\/\",\"url\":\"https:\\\/\\\/shadhar.cl\\\/en\\\/producto\\\/masaje-4-manos\\\/\",\"name\":\"Masaje 4 Manos - Shadhar Spa Masajes y Giftcards\",\"isPartOf\":{\"@id\":\"https:\\\/\\\/shadhar.cl\\\/en\\\/#website\"},\"primaryImageOfPage\":{\"@id\":\"https:\\\/\\\/shadhar.cl\\\/en\\\/producto\\\/masaje-4-manos\\\/#primaryimage\"},\"image\":{\"@id\":\"https:\\\/\\\/shadhar.cl\\\/en\\\/producto\\\/masaje-4-manos\\\/#primaryimage\"},\"thumbnailUrl\":\"https:\\\/\\\/shadhar.cl\\\/wp-content\\\/uploads\\\/2025\\\/09\\\/masaje-4-manos.jpg\",\"datePublished\":\"2025-09-29T18:19:21+00:00\",\"dateModified\":\"2025-09-30T20:06:15+00:00\",\"breadcrumb\":{\"@id\":\"https:\\\/\\\/shadhar.cl\\\/en\\\/producto\\\/masaje-4-manos\\\/#breadcrumb\"},\"inLanguage\":\"en-US\",\"potentialAction\":[{\"@type\":\"ReadAction\",\"target\":[\"https:\\\/\\\/shadhar.cl\\\/en\\\/producto\\\/masaje-4-manos\\\/\"]}]},{\"@type\":\"ImageObject\",\"inLanguage\":\"en-US\",\"@id\":\"https:\\\/\\\/shadhar.cl\\\/en\\\/producto\\\/masaje-4-manos\\\/#primaryimage\",\"url\":\"https:\\\/\\\/shadhar.cl\\\/wp-content\\\/uploads\\\/2025\\\/09\\\/masaje-4-manos.jpg\",\"contentUrl\":\"https:\\\/\\\/shadhar.cl\\\/wp-content\\\/uploads\\\/2025\\\/09\\\/masaje-4-manos.jpg\",\"width\":518,\"height\":388},{\"@type\":\"BreadcrumbList\",\"@id\":\"https:\\\/\\\/shadhar.cl\\\/en\\\/producto\\\/masaje-4-manos\\\/#breadcrumb\",\"itemListElement\":[{\"@type\":\"ListItem\",\"position\":1,\"name\":\"Portada\",\"item\":\"https:\\\/\\\/shadhar.cl\\\/en\\\/\"},{\"@type\":\"ListItem\",\"position\":2,\"name\":\"Shop\",\"item\":\"https:\\\/\\\/shadhar.cl\\\/en\\\/shop\\\/\"},{\"@type\":\"ListItem\",\"position\":3,\"name\":\"Masaje 4 Manos\"}]},{\"@type\":\"WebSite\",\"@id\":\"https:\\\/\\\/shadhar.cl\\\/en\\\/#website\",\"url\":\"https:\\\/\\\/shadhar.cl\\\/en\\\/\",\"name\":\"Shadhar Spa Masajes y Giftcards\",\"description\":\"Spa Masajes y Giftcards\",\"potentialAction\":[{\"@type\":\"SearchAction\",\"target\":{\"@type\":\"EntryPoint\",\"urlTemplate\":\"https:\\\/\\\/shadhar.cl\\\/en\\\/?s={search_term_string}\"},\"query-input\":{\"@type\":\"PropertyValueSpecification\",\"valueRequired\":true,\"valueName\":\"search_term_string\"}}],\"inLanguage\":\"en-US\"}]}<\/script>\n<!-- \/ Yoast SEO plugin. -->","yoast_head_json":{"title":"Masaje 4 Manos - Shadhar Spa Masajes y Giftcards","robots":{"index":"index","follow":"follow","max-snippet":"max-snippet:-1","max-image-preview":"max-image-preview:large","max-video-preview":"max-video-preview:-1"},"canonical":"https:\/\/shadhar.cl\/en\/producto\/masaje-4-manos\/","og_locale":"en_US","og_type":"article","og_title":"Masaje 4 Manos - Shadhar Spa Masajes y Giftcards","og_description":"Masaje Cuerpo Completo, que consiste\u00a0en dos terapeutas que de forma simult\u00e1nea, realizan maniobras antiestr\u00e9s de relajaci\u00f3n y descontracturante, en distintas zonas como espalda, hombros, piernas,\u00a0 brazos y craneal, para alcanzar un momento de relajaci\u00f3n total.","og_url":"https:\/\/shadhar.cl\/en\/producto\/masaje-4-manos\/","og_site_name":"Shadhar Spa Masajes y Giftcards","article_modified_time":"2025-09-30T20:06:15+00:00","og_image":[{"width":518,"height":388,"url":"https:\/\/shadhar.cl\/wp-content\/uploads\/2025\/09\/masaje-4-manos.jpg","type":"image\/jpeg"}],"twitter_card":"summary_large_image","twitter_misc":{"Est. reading time":"1 minute"},"schema":{"@context":"https:\/\/schema.org","@graph":[{"@type":"WebPage","@id":"https:\/\/shadhar.cl\/en\/producto\/masaje-4-manos\/","url":"https:\/\/shadhar.cl\/en\/producto\/masaje-4-manos\/","name":"Masaje 4 Manos - Shadhar Spa Masajes y Giftcards","isPartOf":{"@id":"https:\/\/shadhar.cl\/en\/#website"},"primaryImageOfPage":{"@id":"https:\/\/shadhar.cl\/en\/producto\/masaje-4-manos\/#primaryimage"},"image":{"@id":"https:\/\/shadhar.cl\/en\/producto\/masaje-4-manos\/#primaryimage"},"thumbnailUrl":"https:\/\/shadhar.cl\/wp-content\/uploads\/2025\/09\/masaje-4-manos.jpg","datePublished":"2025-09-29T18:19:21+00:00","dateModified":"2025-09-30T20:06:15+00:00","breadcrumb":{"@id":"https:\/\/shadhar.cl\/en\/producto\/masaje-4-manos\/#breadcrumb"},"inLanguage":"en-US","potentialAction":[{"@type":"ReadAction","target":["https:\/\/shadhar.cl\/en\/producto\/masaje-4-manos\/"]}]},{"@type":"ImageObject","inLanguage":"en-US","@id":"https:\/\/shadhar.cl\/en\/producto\/masaje-4-manos\/#primaryimage","url":"https:\/\/shadhar.cl\/wp-content\/uploads\/2025\/09\/masaje-4-manos.jpg","contentUrl":"https:\/\/shadhar.cl\/wp-content\/uploads\/2025\/09\/masaje-4-manos.jpg","width":518,"height":388},{"@type":"BreadcrumbList","@id":"https:\/\/shadhar.cl\/en\/producto\/masaje-4-manos\/#breadcrumb","itemListElement":[{"@type":"ListItem","position":1,"name":"Portada","item":"https:\/\/shadhar.cl\/en\/"},{"@type":"ListItem","position":2,"name":"Shop","item":"https:\/\/shadhar.cl\/en\/shop\/"},{"@type":"ListItem","position":3,"name":"Masaje 4 Manos"}]},{"@type":"WebSite","@id":"https:\/\/shadhar.cl\/en\/#website","url":"https:\/\/shadhar.cl\/en\/","name":"Shadhar Spa Masajes y Giftcards","description":"Spa Masajes y Giftcards","potentialAction":[{"@type":"SearchAction","target":{"@type":"EntryPoint","urlTemplate":"https:\/\/shadhar.cl\/en\/?s={search_term_string}"},"query-input":{"@type":"PropertyValueSpecification","valueRequired":true,"valueName":"search_term_string"}}],"inLanguage":"en-US"}]}},"_links":{"self":[{"href":"https:\/\/shadhar.cl\/en\/wp-json\/wp\/v2\/product\/51609","targetHints":{"allow":["GET"]}}],"collection":[{"href":"https:\/\/shadhar.cl\/en\/wp-json\/wp\/v2\/product"}],"about":[{"href":"https:\/\/shadhar.cl\/en\/wp-json\/wp\/v2\/types\/product"}],"version-history":[{"count":2,"href":"https:\/\/shadhar.cl\/en\/wp-json\/wp\/v2\/product\/51609\/revisions"}],"predecessor-version":[{"id":51616,"href":"https:\/\/shadhar.cl\/en\/wp-json\/wp\/v2\/product\/51609\/revisions\/51616"}],"wp:featuredmedia":[{"embeddable":true,"href":"https:\/\/shadhar.cl\/en\/wp-json\/wp\/v2\/media\/51610"}],"wp:attachment":[{"href":"https:\/\/shadhar.cl\/en\/wp-json\/wp\/v2\/media?parent=51609"}],"wp:term":[{"taxonomy":"product_brand","embeddable":true,"href":"https:\/\/shadhar.cl\/en\/wp-json\/wp\/v2\/product_brand?post=51609"},{"taxonomy":"product_cat","embeddable":true,"href":"https:\/\/shadhar.cl\/en\/wp-json\/wp\/v2\/product_cat?post=51609"},{"taxonomy":"product_tag","embeddable":true,"href":"https:\/\/shadhar.cl\/en\/wp-json\/wp\/v2\/product_tag?post=51609"},{"taxonomy":"giftcard-category","embeddable":true,"href":"https:\/\/shadhar.cl\/en\/wp-json\/wp\/v2\/giftcard-category?post=51609"}],"curies":[{"name":"wp","href":"https:\/\/api.w.org\/{rel}","templated":true}]}}